{"id":1415,"date":"2024-02-13T13:12:21","date_gmt":"2024-02-13T12:12:21","guid":{"rendered":"https:\/\/circulearth.stimodele.eu\/aviso-legal\/"},"modified":"2025-09-24T11:30:05","modified_gmt":"2025-09-24T09:30:05","slug":"aviso-legal","status":"publish","type":"page","link":"https:\/\/circulearth.com\/es\/aviso-legal\/","title":{"rendered":"Aviso legal"},"content":{"rendered":"\t\t<div data-elementor-type=\"wp-page\" data-elementor-id=\"1415\" class=\"elementor elementor-1415 elementor-36\" data-elementor-settings=\"{&quot;ha_cmc_init_switcher&quot;:&quot;no&quot;}\" data-elementor-post-type=\"page\">\n\t\t\t\t<div class=\"elementor-element elementor-element-20f7a82 e-flex e-con-boxed e-con e-parent\" data-id=\"20f7a82\" data-element_type=\"container\" data-e-type=\"container\" data-settings=\"{&quot;background_background&quot;:&quot;classic&quot;,&quot;_ha_eqh_enable&quot;:false}\">\n\t\t\t\t\t<div class=\"e-con-inner\">\n\t\t<div class=\"elementor-element elementor-element-3efff13 e-flex e-con-boxed e-con e-child\" data-id=\"3efff13\" data-element_type=\"container\" data-e-type=\"container\" data-settings=\"{&quot;_ha_eqh_enable&quot;:false}\">\n\t\t\t\t\t<div class=\"e-con-inner\">\n\t\t<div class=\"elementor-element elementor-element-951ecb1 e-flex e-con-boxed elementor-invisible e-con e-child\" data-id=\"951ecb1\" data-element_type=\"container\" data-e-type=\"container\" data-settings=\"{&quot;animation&quot;:&quot;fadeIn&quot;,&quot;_ha_eqh_enable&quot;:false}\">\n\t\t\t\t\t<div class=\"e-con-inner\">\n\t\t<div class=\"elementor-element elementor-element-b108423 e-flex e-con-boxed e-con e-child\" data-id=\"b108423\" data-element_type=\"container\" data-e-type=\"container\" data-settings=\"{&quot;_ha_eqh_enable&quot;:false}\">\n\t\t\t\t\t<div class=\"e-con-inner\">\n\t\t\t\t<div class=\"elementor-element elementor-element-7e4a62b elementor-widget elementor-widget-heading\" data-id=\"7e4a62b\" data-element_type=\"widget\" data-e-type=\"widget\" data-widget_type=\"heading.default\">\n\t\t\t\t<div class=\"elementor-widget-container\">\n\t\t\t\t\t<h1 class=\"elementor-heading-title elementor-size-default\"><span class=\"yellow-underline-h1\">Aviso legal<\/span><\/h1>\t\t\t\t<\/div>\n\t\t\t\t<\/div>\n\t\t\t\t\t<\/div>\n\t\t\t\t<\/div>\n\t\t\t\t\t<\/div>\n\t\t\t\t<\/div>\n\t\t\t\t\t<\/div>\n\t\t\t\t<\/div>\n\t\t\t\t\t<\/div>\n\t\t\t\t<\/div>\n\t\t<div class=\"elementor-element elementor-element-4acb1a7 e-flex e-con-boxed e-con e-parent\" data-id=\"4acb1a7\" data-element_type=\"container\" data-e-type=\"container\" data-settings=\"{&quot;_ha_eqh_enable&quot;:false}\">\n\t\t\t\t\t<div class=\"e-con-inner\">\n\t\t\t\t<div class=\"elementor-element elementor-element-3756545 elementor-widget elementor-widget-heading\" data-id=\"3756545\" data-element_type=\"widget\" data-e-type=\"widget\" data-widget_type=\"heading.default\">\n\t\t\t\t<div class=\"elementor-widget-container\">\n\t\t\t\t\t<h2 class=\"elementor-heading-title elementor-size-default\">I. Informaci\u00f3n<\/h2>\t\t\t\t<\/div>\n\t\t\t\t<\/div>\n\t\t\t\t<div class=\"elementor-element elementor-element-ba8e0a9 elementor-widget elementor-widget-text-editor\" data-id=\"ba8e0a9\" data-element_type=\"widget\" data-e-type=\"widget\" data-widget_type=\"text-editor.default\">\n\t\t\t\t<div class=\"elementor-widget-container\">\n\t\t\t\t\t\t\t\t\t<p>El presente sitio web, accesible en la direcci\u00f3n <strong>circulearth.com<\/strong> (en adelante \u00abel Sitio\u00bb), es editado por Stimize (aviso legal: <em>https:\/\/stimize.com\/mentions-legales<\/em>) para <strong>Axel Darut<\/strong>:<\/p><ul><li>Denominaci\u00f3n de la empresa: Circulearth<\/li><li>Direcci\u00f3n de correo electr\u00f3nico: contact@circulearth.com<\/li><li>N\u00famero de tel\u00e9fono: +12094728764<\/li><li>Datos de contacto del proveedor de alojamiento del sitio web: Hostinger, UAB (hostinger.fr) \u2013 Jonavos g. 60C, 44192 Kaunas, Lituania <\/li><\/ul>\t\t\t\t\t\t\t\t<\/div>\n\t\t\t\t<\/div>\n\t\t\t\t<div class=\"elementor-element elementor-element-bc279e4 elementor-widget elementor-widget-heading\" data-id=\"bc279e4\" data-element_type=\"widget\" data-e-type=\"widget\" data-widget_type=\"heading.default\">\n\t\t\t\t<div class=\"elementor-widget-container\">\n\t\t\t\t\t<h2 class=\"elementor-heading-title elementor-size-default\">II. Propiedad intelectual \n<\/h2>\t\t\t\t<\/div>\n\t\t\t\t<\/div>\n\t\t\t\t<div class=\"elementor-element elementor-element-65c19e7 elementor-widget elementor-widget-text-editor\" data-id=\"65c19e7\" data-element_type=\"widget\" data-e-type=\"widget\" data-widget_type=\"text-editor.default\">\n\t\t\t\t<div class=\"elementor-widget-container\">\n\t\t\t\t\t\t\t\t\t<p>El contenido del Sitio es propiedad de Circulearth y est\u00e1 protegido por las leyes belgas e internacionales de propiedad intelectual.<\/p><p>Queda prohibida toda reproducci\u00f3n, representaci\u00f3n, modificaci\u00f3n, publicaci\u00f3n, transmisi\u00f3n, alteraci\u00f3n, total o parcial del Sitio o de su contenido, por cualquier procedimiento y en cualquier soporte, sin la autorizaci\u00f3n previa y expresa de Circulearth.<\/p>\t\t\t\t\t\t\t\t<\/div>\n\t\t\t\t<\/div>\n\t\t\t\t<div class=\"elementor-element elementor-element-5a843ef elementor-widget elementor-widget-heading\" data-id=\"5a843ef\" data-element_type=\"widget\" data-e-type=\"widget\" data-widget_type=\"heading.default\">\n\t\t\t\t<div class=\"elementor-widget-container\">\n\t\t\t\t\t<h2 class=\"elementor-heading-title elementor-size-default\">III. Modificaci\u00f3n del aviso legal \n<\/h2>\t\t\t\t<\/div>\n\t\t\t\t<\/div>\n\t\t\t\t<div class=\"elementor-element elementor-element-0bd5ef2 elementor-widget elementor-widget-text-editor\" data-id=\"0bd5ef2\" data-element_type=\"widget\" data-e-type=\"widget\" data-widget_type=\"text-editor.default\">\n\t\t\t\t<div class=\"elementor-widget-container\">\n\t\t\t\t\t\t\t\t\t<p>Circulearth se reserva el derecho de modificar, en cualquier momento y sin previo aviso, el presente aviso legal para adaptarlo a la evoluci\u00f3n del Sitio y\/o de su explotaci\u00f3n.<\/p>\t\t\t\t\t\t\t\t<\/div>\n\t\t\t\t<\/div>\n\t\t\t\t<div class=\"elementor-element elementor-element-2a875be elementor-widget elementor-widget-heading\" data-id=\"2a875be\" data-element_type=\"widget\" data-e-type=\"widget\" data-widget_type=\"heading.default\">\n\t\t\t\t<div class=\"elementor-widget-container\">\n\t\t\t\t\t<h2 class=\"elementor-heading-title elementor-size-default\">IV. Ley aplicable y jurisdicci\u00f3n competente \n<\/h2>\t\t\t\t<\/div>\n\t\t\t\t<\/div>\n\t\t\t\t<div class=\"elementor-element elementor-element-af7314a elementor-widget elementor-widget-text-editor\" data-id=\"af7314a\" data-element_type=\"widget\" data-e-type=\"widget\" data-widget_type=\"text-editor.default\">\n\t\t\t\t<div class=\"elementor-widget-container\">\n\t\t\t\t\t\t\t\t\t<p>El presente aviso legal se rige por la legislaci\u00f3n belga. Cualquier litigio relacionado con el uso del Sitio se someter\u00e1 a los tribunales del distrito judicial de Bruselas, B\u00e9lgica, que ser\u00e1n los \u00fanicos competentes. <\/p>\t\t\t\t\t\t\t\t<\/div>\n\t\t\t\t<\/div>\n\t\t\t\t\t<\/div>\n\t\t\t\t<\/div>\n\t\t\t\t<\/div>\n\t\t","protected":false},"excerpt":{"rendered":"<p>Aviso legal I. Informaci\u00f3n El presente sitio web, accesible en la direcci\u00f3n circulearth.com (en adelante \u00abel Sitio\u00bb), es editado por Stimize (aviso legal: https:\/\/stimize.com\/mentions-legales) para Axel Darut: Denominaci\u00f3n de la empresa: Circulearth Direcci\u00f3n de correo electr\u00f3nico: contact@circulearth.com N\u00famero de tel\u00e9fono: +12094728764 Datos de contacto del proveedor de alojamiento del sitio web: Hostinger, UAB (hostinger.fr) \u2013 [&hellip;]<\/p>\n","protected":false},"author":1,"featured_media":0,"parent":0,"menu_order":0,"comment_status":"closed","ping_status":"closed","template":"elementor_header_footer","meta":{"_acf_changed":false,"_seopress_robots_primary_cat":"","_seopress_titles_title":"Aviso legal - Circulearth","_seopress_titles_desc":"Consulte el aviso legal de Circulearth: editor del sitio, datos de contacto, derechos de propiedad intelectual y jurisdicci\u00f3n aplicable en B\u00e9lgica.","_seopress_robots_index":"","footnotes":""},"class_list":["post-1415","page","type-page","status-publish"],"acf":[],"_links":{"self":[{"href":"https:\/\/circulearth.com\/es\/wp-json\/wp\/v2\/pages\/1415","targetHints":{"allow":["GET"]}}],"collection":[{"href":"https:\/\/circulearth.com\/es\/wp-json\/wp\/v2\/pages"}],"about":[{"href":"https:\/\/circulearth.com\/es\/wp-json\/wp\/v2\/types\/page"}],"author":[{"embeddable":true,"href":"https:\/\/circulearth.com\/es\/wp-json\/wp\/v2\/users\/1"}],"replies":[{"embeddable":true,"href":"https:\/\/circulearth.com\/es\/wp-json\/wp\/v2\/comments?post=1415"}],"version-history":[{"count":0,"href":"https:\/\/circulearth.com\/es\/wp-json\/wp\/v2\/pages\/1415\/revisions"}],"wp:attachment":[{"href":"https:\/\/circulearth.com\/es\/wp-json\/wp\/v2\/media?parent=1415"}],"curies":[{"name":"wp","href":"https:\/\/api.w.org\/{rel}","templated":true}]}}