{"id":1419,"date":"2024-02-13T13:12:47","date_gmt":"2024-02-13T12:12:47","guid":{"rendered":"https:\/\/circulearth.stimodele.eu\/politica-de-privacidad\/"},"modified":"2025-09-24T11:31:48","modified_gmt":"2025-09-24T09:31:48","slug":"politica-de-privacidad","status":"publish","type":"page","link":"https:\/\/circulearth.com\/es\/politica-de-privacidad\/","title":{"rendered":"Pol\u00edtica de privacidad"},"content":{"rendered":"\t\t<div data-elementor-type=\"wp-page\" data-elementor-id=\"1419\" class=\"elementor elementor-1419 elementor-38\" data-elementor-settings=\"{&quot;ha_cmc_init_switcher&quot;:&quot;no&quot;}\" data-elementor-post-type=\"page\">\n\t\t\t\t<div class=\"elementor-element elementor-element-257732f e-flex e-con-boxed e-con e-parent\" data-id=\"257732f\" data-element_type=\"container\" data-e-type=\"container\" data-settings=\"{&quot;background_background&quot;:&quot;classic&quot;,&quot;_ha_eqh_enable&quot;:false}\">\n\t\t\t\t\t<div class=\"e-con-inner\">\n\t\t<div class=\"elementor-element elementor-element-e795fb8 e-flex e-con-boxed e-con e-child\" data-id=\"e795fb8\" data-element_type=\"container\" data-e-type=\"container\" data-settings=\"{&quot;_ha_eqh_enable&quot;:false}\">\n\t\t\t\t\t<div class=\"e-con-inner\">\n\t\t<div class=\"elementor-element elementor-element-beb8f0f e-flex e-con-boxed elementor-invisible e-con e-child\" data-id=\"beb8f0f\" data-element_type=\"container\" data-e-type=\"container\" data-settings=\"{&quot;animation&quot;:&quot;fadeIn&quot;,&quot;_ha_eqh_enable&quot;:false}\">\n\t\t\t\t\t<div class=\"e-con-inner\">\n\t\t<div class=\"elementor-element elementor-element-5dcb700 e-flex e-con-boxed e-con e-child\" data-id=\"5dcb700\" data-element_type=\"container\" data-e-type=\"container\" data-settings=\"{&quot;_ha_eqh_enable&quot;:false}\">\n\t\t\t\t\t<div class=\"e-con-inner\">\n\t\t\t\t<div class=\"elementor-element elementor-element-31e107a elementor-widget elementor-widget-heading\" data-id=\"31e107a\" data-element_type=\"widget\" data-e-type=\"widget\" data-widget_type=\"heading.default\">\n\t\t\t\t<div class=\"elementor-widget-container\">\n\t\t\t\t\t<h1 class=\"elementor-heading-title elementor-size-default\"><span class=\"yellow-underline-h1\">Pol\u00edtica de privacidad<\/span><\/h1>\t\t\t\t<\/div>\n\t\t\t\t<\/div>\n\t\t\t\t\t<\/div>\n\t\t\t\t<\/div>\n\t\t\t\t\t<\/div>\n\t\t\t\t<\/div>\n\t\t\t\t\t<\/div>\n\t\t\t\t<\/div>\n\t\t\t\t\t<\/div>\n\t\t\t\t<\/div>\n\t\t<div class=\"elementor-element elementor-element-86980a8 e-flex e-con-boxed e-con e-parent\" data-id=\"86980a8\" data-element_type=\"container\" data-e-type=\"container\" data-settings=\"{&quot;_ha_eqh_enable&quot;:false}\">\n\t\t\t\t\t<div class=\"e-con-inner\">\n\t\t\t\t<div class=\"elementor-element elementor-element-9be20e2 elementor-widget elementor-widget-text-editor\" data-id=\"9be20e2\" data-element_type=\"widget\" data-e-type=\"widget\" data-widget_type=\"text-editor.default\">\n\t\t\t\t<div class=\"elementor-widget-container\">\n\t\t\t\t\t\t\t\t\t<p>La presente pol\u00edtica de privacidad explica c\u00f3mo <span class=\"notion-enable-hover\" data-token-index=\"1\">Circulearth<\/span> recopila, utiliza y protege los datos personales de los usuarios de este sitio web. Como responsable del tratamiento, Axel DARUT se compromete a respetar la confidencialidad y la seguridad de sus datos de conformidad con las disposiciones del Reglamento General de Protecci\u00f3n de Datos (RGPD). <\/p>\t\t\t\t\t\t\t\t<\/div>\n\t\t\t\t<\/div>\n\t\t\t\t<div class=\"elementor-element elementor-element-089f343 elementor-widget elementor-widget-heading\" data-id=\"089f343\" data-element_type=\"widget\" data-e-type=\"widget\" data-widget_type=\"heading.default\">\n\t\t\t\t<div class=\"elementor-widget-container\">\n\t\t\t\t\t<h2 class=\"elementor-heading-title elementor-size-default\">I. Datos recopilados<\/h2>\t\t\t\t<\/div>\n\t\t\t\t<\/div>\n\t\t\t\t<div class=\"elementor-element elementor-element-8265a5c elementor-widget elementor-widget-text-editor\" data-id=\"8265a5c\" data-element_type=\"widget\" data-e-type=\"widget\" data-widget_type=\"text-editor.default\">\n\t\t\t\t<div class=\"elementor-widget-container\">\n\t\t\t\t\t\t\t\t\t<p>Recopilamos los siguientes datos personales a trav\u00e9s de nuestro sitio web:<\/p><ul><li><strong>Google Analytics<\/strong>: Nuestro sitio web utiliza Google Analytics, una herramienta de an\u00e1lisis web que recopila datos anonimizados sobre las visitas a nuestro sitio. Estos datos comprenden informaci\u00f3n como la direcci\u00f3n IP, el tipo de navegador, las p\u00e1ginas visitadas, la duraci\u00f3n de la visita, etc. Los datos recopilados por Google Analytics se utilizan con fines estad\u00edsticos y de mejora de nuestro sitio web.  <\/li><\/ul><ul><li><strong>Contenido incrustado de otros sitios<\/strong>: Los art\u00edculos y p\u00e1ginas de este sitio pueden incluir contenidos integrados (por ejemplo, v\u00eddeos, im\u00e1genes, art\u00edculos&#8230;). El contenido integrado de otros sitios se comporta de la misma manera que si el visitante se dirigiera a ese otro sitio. Estos sitios web podr\u00edan recopilar datos sobre usted, utilizar cookies, incrustar herramientas de seguimiento de terceros, seguir sus interacciones con estos contenidos incrustados si dispone de una cuenta conectada en su sitio web.  <\/li><\/ul>\t\t\t\t\t\t\t\t<\/div>\n\t\t\t\t<\/div>\n\t\t\t\t<div class=\"elementor-element elementor-element-6d80f3f elementor-widget elementor-widget-heading\" data-id=\"6d80f3f\" data-element_type=\"widget\" data-e-type=\"widget\" data-widget_type=\"heading.default\">\n\t\t\t\t<div class=\"elementor-widget-container\">\n\t\t\t\t\t<h2 class=\"elementor-heading-title elementor-size-default\">II. Finalidad de la recopilaci\u00f3n <\/h2>\t\t\t\t<\/div>\n\t\t\t\t<\/div>\n\t\t\t\t<div class=\"elementor-element elementor-element-c5dcd06 elementor-widget elementor-widget-text-editor\" data-id=\"c5dcd06\" data-element_type=\"widget\" data-e-type=\"widget\" data-widget_type=\"text-editor.default\">\n\t\t\t\t<div class=\"elementor-widget-container\">\n\t\t\t\t\t\t\t\t\t<p>Recopilamos sus datos personales con el fin de:<\/p><ul><li>Responder a sus solicitudes de informaci\u00f3n o de contacto.<\/li><li>Proporcionar informaci\u00f3n adicional sobre nuestros productos, servicios u ofertas especiales, si ha dado su consentimiento previo.<\/li><li>Analizar y mejorar la experiencia del usuario en nuestro sitio web gracias a los datos anonimizados recopilados por Google Analytics.<\/li><li>Respetar nuestras obligaciones legales y reglamentarias.<\/li><\/ul>\t\t\t\t\t\t\t\t<\/div>\n\t\t\t\t<\/div>\n\t\t\t\t<div class=\"elementor-element elementor-element-a4615a1 elementor-widget elementor-widget-heading\" data-id=\"a4615a1\" data-element_type=\"widget\" data-e-type=\"widget\" data-widget_type=\"heading.default\">\n\t\t\t\t<div class=\"elementor-widget-container\">\n\t\t\t\t\t<h2 class=\"elementor-heading-title elementor-size-default\">III. Plazo de conservaci\u00f3n de los datos \n<\/h2>\t\t\t\t<\/div>\n\t\t\t\t<\/div>\n\t\t\t\t<div class=\"elementor-element elementor-element-1f48c8f elementor-widget elementor-widget-text-editor\" data-id=\"1f48c8f\" data-element_type=\"widget\" data-e-type=\"widget\" data-widget_type=\"text-editor.default\">\n\t\t\t\t<div class=\"elementor-widget-container\">\n\t\t\t\t\t\t\t\t\t<p>Conservamos sus datos personales durante un per\u00edodo de 36 meses a partir de la fecha de su recopilaci\u00f3n. Transcurrido este plazo, los datos se suprimir\u00e1n de nuestros sistemas de forma segura, salvo que la ley nos obligue a conservarlos durante m\u00e1s tiempo. <\/p>\t\t\t\t\t\t\t\t<\/div>\n\t\t\t\t<\/div>\n\t\t\t\t<div class=\"elementor-element elementor-element-af4f142 elementor-widget elementor-widget-heading\" data-id=\"af4f142\" data-element_type=\"widget\" data-e-type=\"widget\" data-widget_type=\"heading.default\">\n\t\t\t\t<div class=\"elementor-widget-container\">\n\t\t\t\t\t<h2 class=\"elementor-heading-title elementor-size-default\">IV. Hacer valer sus derechos \n<\/h2>\t\t\t\t<\/div>\n\t\t\t\t<\/div>\n\t\t\t\t<div class=\"elementor-element elementor-element-bf6df01 elementor-widget elementor-widget-text-editor\" data-id=\"bf6df01\" data-element_type=\"widget\" data-e-type=\"widget\" data-widget_type=\"text-editor.default\">\n\t\t\t\t<div class=\"elementor-widget-container\">\n\t\t\t\t\t\t\t\t\t<p>Tiene derecho a solicitar el acceso a sus datos personales y a ejercer otros derechos previstos por la legislaci\u00f3n vigente. Para hacer valer sus derechos, puede ponerse en contacto con nosotros enviando un correo electr\u00f3nico a contact@circulearth.com indicando claramente el objeto de su solicitud. <\/p><p>Si desea ejercer alguno de los siguientes derechos:<\/p><ul><li>Solicitar la rectificaci\u00f3n de sus datos personales inexactos o incompletos.<\/li><li>Solicitar la supresi\u00f3n de sus datos personales, a reserva de las excepciones previstas por la ley.<\/li><li>Oponerse al tratamiento de sus datos personales por motivos leg\u00edtimos.<\/li><li>Solicitar la limitaci\u00f3n del tratamiento de sus datos personales en determinadas circunstancias.<\/li><li>Solicitar la portabilidad de sus datos personales a otro responsable del tratamiento.<\/li><\/ul><p>Incluya la informaci\u00f3n necesaria en su solicitud, como su nombre, su direcci\u00f3n de correo electr\u00f3nico y cualquier otra informaci\u00f3n que permita identificarle, para que podamos tramitar su solicitud de manera apropiada.<\/p><p>Tambi\u00e9n puede presentar una reclamaci\u00f3n ante la autoridad de control competente en materia de protecci\u00f3n de datos si considera que el tratamiento de sus datos personales infringe las disposiciones del RGPD.<\/p>\t\t\t\t\t\t\t\t<\/div>\n\t\t\t\t<\/div>\n\t\t\t\t<div class=\"elementor-element elementor-element-fd8b655 elementor-widget elementor-widget-heading\" data-id=\"fd8b655\" data-element_type=\"widget\" data-e-type=\"widget\" data-widget_type=\"heading.default\">\n\t\t\t\t<div class=\"elementor-widget-container\">\n\t\t\t\t\t<h2 class=\"elementor-heading-title elementor-size-default\">V. Modificaci\u00f3n de la pol\u00edtica de privacidad\n<\/h2>\t\t\t\t<\/div>\n\t\t\t\t<\/div>\n\t\t\t\t<div class=\"elementor-element elementor-element-902961d elementor-widget elementor-widget-text-editor\" data-id=\"902961d\" data-element_type=\"widget\" data-e-type=\"widget\" data-widget_type=\"text-editor.default\">\n\t\t\t\t<div class=\"elementor-widget-container\">\n\t\t\t\t\t\t\t\t\t<p>Nos reservamos el derecho de modificar en cualquier momento la presente pol\u00edtica de privacidad, en funci\u00f3n de la evoluci\u00f3n de la normativa aplicable en materia de protecci\u00f3n de datos personales. Le informaremos de cualquier modificaci\u00f3n sustancial de la pol\u00edtica de privacidad por correo electr\u00f3nico. <\/p><p>Le agradecemos que haya le\u00eddo nuestra pol\u00edtica de privacidad. Si tiene alguna pregunta adicional o alguna inquietud sobre la forma en que tratamos sus datos personales, no dude en ponerse en contacto con nosotros en contact@circulearth.com. <\/p>\t\t\t\t\t\t\t\t<\/div>\n\t\t\t\t<\/div>\n\t\t\t\t\t<\/div>\n\t\t\t\t<\/div>\n\t\t\t\t<\/div>\n\t\t","protected":false},"excerpt":{"rendered":"<p>Pol\u00edtica de privacidad La presente pol\u00edtica de privacidad explica c\u00f3mo Circulearth recopila, utiliza y protege los datos personales de los usuarios de este sitio web. Como responsable del tratamiento, Axel DARUT se compromete a respetar la confidencialidad y la seguridad de sus datos de conformidad con las disposiciones del Reglamento General de Protecci\u00f3n de Datos [&hellip;]<\/p>\n","protected":false},"author":1,"featured_media":0,"parent":0,"menu_order":0,"comment_status":"closed","ping_status":"closed","template":"elementor_header_footer","meta":{"_acf_changed":false,"_seopress_robots_primary_cat":"","_seopress_titles_title":"Pol\u00edtica de privacidad - Circulearth","_seopress_titles_desc":"Descubra la pol\u00edtica de privacidad de Circulearth: recopilaci\u00f3n, uso y protecci\u00f3n de sus datos personales de conformidad con el RGPD.","_seopress_robots_index":"","footnotes":""},"class_list":["post-1419","page","type-page","status-publish"],"acf":[],"_links":{"self":[{"href":"https:\/\/circulearth.com\/es\/wp-json\/wp\/v2\/pages\/1419","targetHints":{"allow":["GET"]}}],"collection":[{"href":"https:\/\/circulearth.com\/es\/wp-json\/wp\/v2\/pages"}],"about":[{"href":"https:\/\/circulearth.com\/es\/wp-json\/wp\/v2\/types\/page"}],"author":[{"embeddable":true,"href":"https:\/\/circulearth.com\/es\/wp-json\/wp\/v2\/users\/1"}],"replies":[{"embeddable":true,"href":"https:\/\/circulearth.com\/es\/wp-json\/wp\/v2\/comments?post=1419"}],"version-history":[{"count":0,"href":"https:\/\/circulearth.com\/es\/wp-json\/wp\/v2\/pages\/1419\/revisions"}],"wp:attachment":[{"href":"https:\/\/circulearth.com\/es\/wp-json\/wp\/v2\/media?parent=1419"}],"curies":[{"name":"wp","href":"https:\/\/api.w.org\/{rel}","templated":true}]}}